{"id":1322,"date":"2021-03-10T09:51:09","date_gmt":"2021-03-10T09:51:09","guid":{"rendered":"https:\/\/jamtectalia.com\/gracies-per-contactar\/"},"modified":"2021-03-10T09:51:10","modified_gmt":"2021-03-10T09:51:10","slug":"gracies-per-contactar","status":"publish","type":"page","link":"https:\/\/jamtectalia.com\/ca\/gracies-per-contactar\/","title":{"rendered":"Gr\u00e0cies per contactar"},"content":{"rendered":"\t\t<div data-elementor-type=\"wp-page\" data-elementor-id=\"1322\" class=\"elementor elementor-1322 elementor-957\" data-elementor-post-type=\"page\">\n\t\t\t\t\t\t<section class=\"elementor-section elementor-top-section elementor-element elementor-element-f8e1abf elementor-section-full_width elementor-section-height-min-height elementor-section-items-top elementor-section-height-default\" data-id=\"f8e1abf\" data-element_type=\"section\" data-e-type=\"section\" data-settings=\"{&quot;background_background&quot;:&quot;classic&quot;}\">\n\t\t\t\t\t\t\t<div class=\"elementor-background-overlay\"><\/div>\n\t\t\t\t\t\t\t<div class=\"elementor-container elementor-column-gap-default\">\n\t\t\t\t\t<div class=\"elementor-column elementor-col-100 elementor-top-column elementor-element elementor-element-0d19833\" data-id=\"0d19833\" data-element_type=\"column\" data-e-type=\"column\" data-settings=\"{&quot;background_background&quot;:&quot;slideshow&quot;,&quot;background_slideshow_gallery&quot;:[],&quot;background_slideshow_loop&quot;:&quot;yes&quot;,&quot;background_slideshow_slide_duration&quot;:5000,&quot;background_slideshow_slide_transition&quot;:&quot;fade&quot;,&quot;background_slideshow_transition_duration&quot;:500}\">\n\t\t\t<div class=\"elementor-widget-wrap elementor-element-populated\">\n\t\t\t\t\t\t<div class=\"elementor-element elementor-element-99c342d elementor-widget elementor-widget-spacer\" data-id=\"99c342d\" data-element_type=\"widget\" data-e-type=\"widget\" data-widget_type=\"spacer.default\">\n\t\t\t\t<div class=\"elementor-widget-container\">\n\t\t\t\t\t\t\t<div class=\"elementor-spacer\">\n\t\t\t<div class=\"elementor-spacer-inner\"><\/div>\n\t\t<\/div>\n\t\t\t\t\t\t<\/div>\n\t\t\t\t<\/div>\n\t\t\t\t<div class=\"elementor-element elementor-element-1a9c8d1 elementor-widget elementor-widget-heading\" data-id=\"1a9c8d1\" data-element_type=\"widget\" data-e-type=\"widget\" data-widget_type=\"heading.default\">\n\t\t\t\t<div class=\"elementor-widget-container\">\n\t\t\t\t\t<h1 class=\"elementor-heading-title elementor-size-default\">Moltes gr\u00e0cies per contactar amb nosaltres<\/h1>\t\t\t\t<\/div>\n\t\t\t\t<\/div>\n\t\t\t\t<div class=\"elementor-element elementor-element-fd8bd2f elementor-widget elementor-widget-heading\" data-id=\"fd8bd2f\" data-element_type=\"widget\" data-e-type=\"widget\" data-widget_type=\"heading.default\">\n\t\t\t\t<div class=\"elementor-widget-container\">\n\t\t\t\t\t<h6 class=\"elementor-heading-title elementor-size-default\">Enhorabona! La seva sol\u00b7licitud ha estat enviada. L'atendrem al m\u00e9s aviat possible. <br>Per a qualsevol dubte tamb\u00e9 pot telefonar-nos al <strong> (+34) 938 45 80 80 <\/strong><\/h6>\t\t\t\t<\/div>\n\t\t\t\t<\/div>\n\t\t\t\t<div class=\"elementor-element elementor-element-5e05947 elementor-widget elementor-widget-spacer\" data-id=\"5e05947\" data-element_type=\"widget\" data-e-type=\"widget\" data-widget_type=\"spacer.default\">\n\t\t\t\t<div class=\"elementor-widget-container\">\n\t\t\t\t\t\t\t<div class=\"elementor-spacer\">\n\t\t\t<div class=\"elementor-spacer-inner\"><\/div>\n\t\t<\/div>\n\t\t\t\t\t\t<\/div>\n\t\t\t\t<\/div>\n\t\t\t\t\t<\/div>\n\t\t<\/div>\n\t\t\t\t\t<\/div>\n\t\t<\/section>\n\t\t\t\t<\/div>\n\t\t","protected":false},"excerpt":{"rendered":"<p>Moltes gr\u00e0cies per contactar amb nosaltres Enhorabona! La seva sol\u00b7licitud ha estat enviada. L&#8217;atendrem al m\u00e9s aviat possible. Per a qualsevol dubte tamb\u00e9 pot telefonar-nos al (+34) 938 45 80 80<\/p>\n","protected":false},"author":3,"featured_media":0,"parent":0,"menu_order":0,"comment_status":"closed","ping_status":"closed","template":"elementor_header_footer","meta":{"footnotes":""},"class_list":["post-1322","page","type-page","status-publish","hentry"],"yoast_head":"<!-- This site is optimized with the Yoast SEO plugin v27.4 - https:\/\/yoast.com\/product\/yoast-seo-wordpress\/ -->\n<title>Gr\u00e0cies per contactar - JAM | Reparaci\u00f3n cosm\u00e9tica de Hormig\u00f3n y refuerzos con fibra de carbono<\/title>\n<meta name=\"robots\" content=\"index, follow, max-snippet:-1, max-image-preview:large, max-video-preview:-1\" \/>\n<link rel=\"canonical\" href=\"https:\/\/jamtectalia.com\/gracias-por-contactar\/\" \/>\n<meta property=\"og:locale\" content=\"ca_ES\" \/>\n<meta property=\"og:type\" content=\"article\" \/>\n<meta property=\"og:title\" content=\"Gr\u00e0cies per contactar - JAM | Reparaci\u00f3n cosm\u00e9tica de Hormig\u00f3n y refuerzos con fibra de carbono\" \/>\n<meta property=\"og:description\" content=\"Moltes gr\u00e0cies per contactar amb nosaltres Enhorabona! La seva sol\u00b7licitud ha estat enviada. L&#8217;atendrem al m\u00e9s aviat possible. Per a qualsevol dubte tamb\u00e9 pot telefonar-nos al (+34) 938 45 80 80\" \/>\n<meta property=\"og:url\" content=\"https:\/\/jamtectalia.com\/gracias-por-contactar\/\" \/>\n<meta property=\"og:site_name\" content=\"JAM | Reparaci\u00f3n cosm\u00e9tica de Hormig\u00f3n y refuerzos con fibra de carbono\" \/>\n<meta property=\"article:modified_time\" content=\"2021-03-10T09:51:10+00:00\" \/>\n<meta name=\"twitter:card\" content=\"summary_large_image\" \/>\n<script type=\"application\/ld+json\" class=\"yoast-schema-graph\">{\"@context\":\"https:\\\/\\\/schema.org\",\"@graph\":[{\"@type\":\"WebPage\",\"@id\":\"https:\\\/\\\/jamtectalia.com\\\/gracias-por-contactar\\\/\",\"url\":\"https:\\\/\\\/jamtectalia.com\\\/gracias-por-contactar\\\/\",\"name\":\"Gr\u00e0cies per contactar - JAM | Reparaci\u00f3n cosm\u00e9tica de Hormig\u00f3n y refuerzos con fibra de carbono\",\"isPartOf\":{\"@id\":\"https:\\\/\\\/jamtectalia.com\\\/#website\"},\"datePublished\":\"2021-03-10T09:51:09+00:00\",\"dateModified\":\"2021-03-10T09:51:10+00:00\",\"breadcrumb\":{\"@id\":\"https:\\\/\\\/jamtectalia.com\\\/gracias-por-contactar\\\/#breadcrumb\"},\"inLanguage\":\"ca\",\"potentialAction\":[{\"@type\":\"ReadAction\",\"target\":[\"https:\\\/\\\/jamtectalia.com\\\/gracias-por-contactar\\\/\"]}]},{\"@type\":\"BreadcrumbList\",\"@id\":\"https:\\\/\\\/jamtectalia.com\\\/gracias-por-contactar\\\/#breadcrumb\",\"itemListElement\":[{\"@type\":\"ListItem\",\"position\":1,\"name\":\"Inicio\",\"item\":\"https:\\\/\\\/jamtectalia.com\\\/ca\\\/\"},{\"@type\":\"ListItem\",\"position\":2,\"name\":\"Gr\u00e0cies per contactar\"}]},{\"@type\":\"WebSite\",\"@id\":\"https:\\\/\\\/jamtectalia.com\\\/#website\",\"url\":\"https:\\\/\\\/jamtectalia.com\\\/\",\"name\":\"JAM | Reparaci\u00f3n cosm\u00e9tica de Hormig\u00f3n y refuerzos con fibra de carbono\",\"description\":\"JAM es la empresa especialista en el cuidado de elementos arquitect\u00f3nicos y pionera en la reparaci\u00f3n cosm\u00e9tica del hormig\u00f3n.\",\"publisher\":{\"@id\":\"https:\\\/\\\/jamtectalia.com\\\/#organization\"},\"potentialAction\":[{\"@type\":\"SearchAction\",\"target\":{\"@type\":\"EntryPoint\",\"urlTemplate\":\"https:\\\/\\\/jamtectalia.com\\\/?s={search_term_string}\"},\"query-input\":{\"@type\":\"PropertyValueSpecification\",\"valueRequired\":true,\"valueName\":\"search_term_string\"}}],\"inLanguage\":\"ca\"},{\"@type\":\"Organization\",\"@id\":\"https:\\\/\\\/jamtectalia.com\\\/#organization\",\"name\":\"JAM - Arquitectonics Care\",\"url\":\"https:\\\/\\\/jamtectalia.com\\\/\",\"logo\":{\"@type\":\"ImageObject\",\"inLanguage\":\"ca\",\"@id\":\"https:\\\/\\\/jamtectalia.com\\\/#\\\/schema\\\/logo\\\/image\\\/\",\"url\":\"https:\\\/\\\/jamtectalia.com\\\/wp-content\\\/uploads\\\/2020\\\/12\\\/logo-jam-architectonics-care_mini.jpg\",\"contentUrl\":\"https:\\\/\\\/jamtectalia.com\\\/wp-content\\\/uploads\\\/2020\\\/12\\\/logo-jam-architectonics-care_mini.jpg\",\"width\":175,\"height\":94,\"caption\":\"JAM - Arquitectonics Care\"},\"image\":{\"@id\":\"https:\\\/\\\/jamtectalia.com\\\/#\\\/schema\\\/logo\\\/image\\\/\"}}]}<\/script>\n<!-- \/ Yoast SEO plugin. -->","yoast_head_json":{"title":"Gr\u00e0cies per contactar - JAM | Reparaci\u00f3n cosm\u00e9tica de Hormig\u00f3n y refuerzos con fibra de carbono","robots":{"index":"index","follow":"follow","max-snippet":"max-snippet:-1","max-image-preview":"max-image-preview:large","max-video-preview":"max-video-preview:-1"},"canonical":"https:\/\/jamtectalia.com\/gracias-por-contactar\/","og_locale":"ca_ES","og_type":"article","og_title":"Gr\u00e0cies per contactar - JAM | Reparaci\u00f3n cosm\u00e9tica de Hormig\u00f3n y refuerzos con fibra de carbono","og_description":"Moltes gr\u00e0cies per contactar amb nosaltres Enhorabona! La seva sol\u00b7licitud ha estat enviada. L&#8217;atendrem al m\u00e9s aviat possible. Per a qualsevol dubte tamb\u00e9 pot telefonar-nos al (+34) 938 45 80 80","og_url":"https:\/\/jamtectalia.com\/gracias-por-contactar\/","og_site_name":"JAM | Reparaci\u00f3n cosm\u00e9tica de Hormig\u00f3n y refuerzos con fibra de carbono","article_modified_time":"2021-03-10T09:51:10+00:00","twitter_card":"summary_large_image","schema":{"@context":"https:\/\/schema.org","@graph":[{"@type":"WebPage","@id":"https:\/\/jamtectalia.com\/gracias-por-contactar\/","url":"https:\/\/jamtectalia.com\/gracias-por-contactar\/","name":"Gr\u00e0cies per contactar - JAM | Reparaci\u00f3n cosm\u00e9tica de Hormig\u00f3n y refuerzos con fibra de carbono","isPartOf":{"@id":"https:\/\/jamtectalia.com\/#website"},"datePublished":"2021-03-10T09:51:09+00:00","dateModified":"2021-03-10T09:51:10+00:00","breadcrumb":{"@id":"https:\/\/jamtectalia.com\/gracias-por-contactar\/#breadcrumb"},"inLanguage":"ca","potentialAction":[{"@type":"ReadAction","target":["https:\/\/jamtectalia.com\/gracias-por-contactar\/"]}]},{"@type":"BreadcrumbList","@id":"https:\/\/jamtectalia.com\/gracias-por-contactar\/#breadcrumb","itemListElement":[{"@type":"ListItem","position":1,"name":"Inicio","item":"https:\/\/jamtectalia.com\/ca\/"},{"@type":"ListItem","position":2,"name":"Gr\u00e0cies per contactar"}]},{"@type":"WebSite","@id":"https:\/\/jamtectalia.com\/#website","url":"https:\/\/jamtectalia.com\/","name":"JAM | Reparaci\u00f3n cosm\u00e9tica de Hormig\u00f3n y refuerzos con fibra de carbono","description":"JAM es la empresa especialista en el cuidado de elementos arquitect\u00f3nicos y pionera en la reparaci\u00f3n cosm\u00e9tica del hormig\u00f3n.","publisher":{"@id":"https:\/\/jamtectalia.com\/#organization"},"potentialAction":[{"@type":"SearchAction","target":{"@type":"EntryPoint","urlTemplate":"https:\/\/jamtectalia.com\/?s={search_term_string}"},"query-input":{"@type":"PropertyValueSpecification","valueRequired":true,"valueName":"search_term_string"}}],"inLanguage":"ca"},{"@type":"Organization","@id":"https:\/\/jamtectalia.com\/#organization","name":"JAM - Arquitectonics Care","url":"https:\/\/jamtectalia.com\/","logo":{"@type":"ImageObject","inLanguage":"ca","@id":"https:\/\/jamtectalia.com\/#\/schema\/logo\/image\/","url":"https:\/\/jamtectalia.com\/wp-content\/uploads\/2020\/12\/logo-jam-architectonics-care_mini.jpg","contentUrl":"https:\/\/jamtectalia.com\/wp-content\/uploads\/2020\/12\/logo-jam-architectonics-care_mini.jpg","width":175,"height":94,"caption":"JAM - Arquitectonics Care"},"image":{"@id":"https:\/\/jamtectalia.com\/#\/schema\/logo\/image\/"}}]}},"_links":{"self":[{"href":"https:\/\/jamtectalia.com\/ca\/wp-json\/wp\/v2\/pages\/1322","targetHints":{"allow":["GET"]}}],"collection":[{"href":"https:\/\/jamtectalia.com\/ca\/wp-json\/wp\/v2\/pages"}],"about":[{"href":"https:\/\/jamtectalia.com\/ca\/wp-json\/wp\/v2\/types\/page"}],"author":[{"embeddable":true,"href":"https:\/\/jamtectalia.com\/ca\/wp-json\/wp\/v2\/users\/3"}],"replies":[{"embeddable":true,"href":"https:\/\/jamtectalia.com\/ca\/wp-json\/wp\/v2\/comments?post=1322"}],"version-history":[{"count":1,"href":"https:\/\/jamtectalia.com\/ca\/wp-json\/wp\/v2\/pages\/1322\/revisions"}],"predecessor-version":[{"id":1323,"href":"https:\/\/jamtectalia.com\/ca\/wp-json\/wp\/v2\/pages\/1322\/revisions\/1323"}],"wp:attachment":[{"href":"https:\/\/jamtectalia.com\/ca\/wp-json\/wp\/v2\/media?parent=1322"}],"curies":[{"name":"wp","href":"https:\/\/api.w.org\/{rel}","templated":true}]}}